{"id":2,"date":"2014-07-24T16:38:51","date_gmt":"2014-07-24T16:38:51","guid":{"rendered":"http:\/\/www.mechanicmind.it\/?page_id=2"},"modified":"2015-05-06T20:25:52","modified_gmt":"2015-05-06T20:25:52","slug":"chi-siamo","status":"publish","type":"page","link":"https:\/\/www.mechanicmind.eu\/it\/about-us\/","title":{"rendered":"About Us"},"content":{"rendered":"<p><strong>MechanicMind<\/strong> \u00e8 un blog che nasce per colmare le lacune del web nel settore pi\u00f9 pratico dell&#8217;automobilismo.<br \/>\nL&#8217;intento \u00e8 quello di fornire ai visitatori la possibilit\u00e0 di<strong> approfondire le tematiche tecniche<\/strong> riguardanti in concreto la propria auto, descrivendo riparazioni e sostituzioni di particolari componenti. Tuttavia le illustrazioni che troverete su questo sito non avranno mai la caratteristica di manuali d&#8217;uso e sostituzione di componenti del veicolo, bensi semplici approfondimenti pratici.<\/p>\n<h4><em>Gli Autori&#8230;<\/em><\/h4>\n<p><strong>mario<\/strong><\/p>\n<p>Perito Assicurativo e Tecnico Specializzato, da pi\u00f9 di 30 anni opera nel settore automobilistico.<br \/>\nHa una grande esperienza maturata nell&#8217;ambito tecnico su autoveicoli e ciclo motori. La sua preparazione trasversale copre gran parte degli argomenti riguardanti l&#8217;ambito automobilistico dai motori alla carrozzeria.<\/p>\n<p><strong>riccardo<\/strong><\/p>\n<p>Laureato in Ingegneria Elettronica ha maturato una notevole esperienza nell&#8217;ambito dell&#8217;Information Technology. Appassionato del Web da anni \u00e8 anche blogger. Si occupa della gestione software di MechanicMind e della parte editoriale insieme a Mario.<\/p>\n<p>Vuoi collaborare con noi? Contattaci&#8230;<\/p>\n\n<div class=\"wpcf7 no-js\" id=\"wpcf7-f718-o1\" lang=\"it-IT\" dir=\"ltr\" data-wpcf7-id=\"718\">\n<div class=\"screen-reader-response\"><p role=\"status\" aria-live=\"polite\" aria-atomic=\"true\"><\/p> <ul><\/ul><\/div>\n<form action=\"\/it\/wp-json\/wp\/v2\/pages\/2#wpcf7-f718-o1\" method=\"post\" class=\"wpcf7-form init\" aria-label=\"Modulo di contatto\" novalidate=\"novalidate\" data-status=\"init\">\n<div style=\"display: none;\">\n<input type=\"hidden\" name=\"_wpcf7\" value=\"718\" \/>\n<input type=\"hidden\" name=\"_wpcf7_version\" value=\"6.0\" \/>\n<input type=\"hidden\" name=\"_wpcf7_locale\" value=\"it_IT\" \/>\n<input type=\"hidden\" name=\"_wpcf7_unit_tag\" value=\"wpcf7-f718-o1\" \/>\n<input type=\"hidden\" name=\"_wpcf7_container_post\" value=\"0\" \/>\n<input type=\"hidden\" name=\"_wpcf7_posted_data_hash\" value=\"\" \/>\n<\/div>\n<p>Il tuo nome (richiesto)\n<\/p>\n<p><span class=\"wpcf7-form-control-wrap\" data-name=\"your-name\"><input size=\"40\" maxlength=\"400\" class=\"wpcf7-form-control wpcf7-text wpcf7-validates-as-required\" aria-required=\"true\" aria-invalid=\"false\" value=\"\" type=\"text\" name=\"your-name\" \/><\/span>\n<\/p>\n<p>La tua email (richiesto)\n<\/p>\n<p><span class=\"wpcf7-form-control-wrap\" data-name=\"your-email\"><input size=\"40\" maxlength=\"400\" class=\"wpcf7-form-control wpcf7-email wpcf7-validates-as-required wpcf7-text wpcf7-validates-as-email\" aria-required=\"true\" aria-invalid=\"false\" value=\"\" type=\"email\" name=\"your-email\" \/><\/span>\n<\/p>\n<p>Oggetto\n<\/p>\n<p><span class=\"wpcf7-form-control-wrap\" data-name=\"your-subject\"><input size=\"40\" maxlength=\"400\" class=\"wpcf7-form-control wpcf7-text\" aria-invalid=\"false\" value=\"\" type=\"text\" name=\"your-subject\" \/><\/span>\n<\/p>\n<p>Il tuo messaggio\n<\/p>\n<p><span class=\"wpcf7-form-control-wrap\" data-name=\"your-message\"><textarea cols=\"40\" rows=\"10\" maxlength=\"2000\" class=\"wpcf7-form-control wpcf7-textarea\" aria-invalid=\"false\" name=\"your-message\"><\/textarea><\/span>\n<\/p>\n<p><input class=\"wpcf7-form-control wpcf7-submit has-spinner\" type=\"submit\" value=\"Invia\" \/>\n<\/p><div class=\"wpcf7-response-output\" aria-hidden=\"true\"><\/div>\n<\/form>\n<\/div>\n\n","protected":false},"excerpt":{"rendered":"<p>MechanicMind \u00e8 un blog che nasce per colmare le lacune del web nel settore pi\u00f9 pratico dell&#8217;automobilismo. L&#8217;intento \u00e8 quello di fornire ai visitatori la possibilit\u00e0 di approfondire le tematiche tecniche riguardanti in concreto la propria auto, descrivendo riparazioni e sostituzioni di particolari componenti. Tuttavia le illustrazioni che troverete su questo sito non avranno mai [&hellip;]<\/p>\n","protected":false},"author":1,"featured_media":0,"parent":0,"menu_order":0,"comment_status":"open","ping_status":"closed","template":"","meta":{"_monsterinsights_skip_tracking":false,"_monsterinsights_sitenote_active":false,"_monsterinsights_sitenote_note":"","_monsterinsights_sitenote_category":0,"footnotes":""},"coauthors":[5],"class_list":["post-2","page","type-page","status-publish","hentry"],"_links":{"self":[{"href":"https:\/\/www.mechanicmind.eu\/it\/wp-json\/wp\/v2\/pages\/2","targetHints":{"allow":["GET"]}}],"collection":[{"href":"https:\/\/www.mechanicmind.eu\/it\/wp-json\/wp\/v2\/pages"}],"about":[{"href":"https:\/\/www.mechanicmind.eu\/it\/wp-json\/wp\/v2\/types\/page"}],"author":[{"embeddable":true,"href":"https:\/\/www.mechanicmind.eu\/it\/wp-json\/wp\/v2\/users\/1"}],"replies":[{"embeddable":true,"href":"https:\/\/www.mechanicmind.eu\/it\/wp-json\/wp\/v2\/comments?post=2"}],"version-history":[{"count":7,"href":"https:\/\/www.mechanicmind.eu\/it\/wp-json\/wp\/v2\/pages\/2\/revisions"}],"predecessor-version":[{"id":725,"href":"https:\/\/www.mechanicmind.eu\/it\/wp-json\/wp\/v2\/pages\/2\/revisions\/725"}],"wp:attachment":[{"href":"https:\/\/www.mechanicmind.eu\/it\/wp-json\/wp\/v2\/media?parent=2"}],"wp:term":[{"taxonomy":"author","embeddable":true,"href":"https:\/\/www.mechanicmind.eu\/it\/wp-json\/wp\/v2\/coauthors?post=2"}],"curies":[{"name":"wp","href":"https:\/\/api.w.org\/{rel}","templated":true}]}}