{"id":2,"date":"2014-07-24T16:38:51","date_gmt":"2014-07-24T16:38:51","guid":{"rendered":"http:\/\/www.mechanicmind.it\/?page_id=2"},"modified":"2015-05-06T20:25:52","modified_gmt":"2015-05-06T20:25:52","slug":"chi-siamo","status":"publish","type":"page","link":"https:\/\/www.mechanicmind.eu\/en\/about-us\/","title":{"rendered":"About Us"},"content":{"rendered":"<p><strong>MechanicMind<\/strong> \u00e8 un blog che nasce per colmare le lacune del web nel settore pi\u00f9 pratico dell&#8217;automobilismo.<br \/>\nL&#8217;intento \u00e8 quello di fornire ai visitatori la possibilit\u00e0 di<strong> approfondire le tematiche tecniche<\/strong> riguardanti in concreto la propria auto, descrivendo riparazioni e sostituzioni di particolari componenti. Tuttavia le illustrazioni che troverete su questo sito non avranno mai la caratteristica di manuali d&#8217;uso e sostituzione di componenti del veicolo, bensi semplici approfondimenti pratici.<\/p>\n<h4><em>Gli Autori&#8230;<\/em><\/h4>\n<p><strong>mario<\/strong><\/p>\n<p>Perito Assicurativo e Tecnico Specializzato, da pi\u00f9 di 30 anni opera nel settore automobilistico.<br \/>\nHa una grande esperienza maturata nell&#8217;ambito tecnico su autoveicoli e ciclo motori. La sua preparazione trasversale copre gran parte degli argomenti riguardanti l&#8217;ambito automobilistico dai motori alla carrozzeria.<\/p>\n<p><strong>riccardo<\/strong><\/p>\n<p>Laureato in Ingegneria Elettronica ha maturato una notevole esperienza nell&#8217;ambito dell&#8217;Information Technology. Appassionato del Web da anni \u00e8 anche blogger. Si occupa della gestione software di MechanicMind e della parte editoriale insieme a Mario.<\/p>\n","protected":false},"excerpt":{"rendered":"<p>MechanicMind \u00e8 un blog che nasce per colmare le lacune del web nel settore pi\u00f9 pratico dell&#8217;automobilismo. L&#8217;intento \u00e8 quello di fornire ai visitatori la possibilit\u00e0 di approfondire le tematiche tecniche riguardanti in concreto la propria auto, descrivendo riparazioni e sostituzioni di particolari componenti. Tuttavia le illustrazioni che troverete su questo sito non avranno mai [&hellip;]<\/p>\n","protected":false},"author":1,"featured_media":0,"parent":0,"menu_order":0,"comment_status":"open","ping_status":"closed","template":"","meta":{"_monsterinsights_skip_tracking":false,"_monsterinsights_sitenote_active":false,"_monsterinsights_sitenote_note":"","_monsterinsights_sitenote_category":0,"footnotes":""},"coauthors":[5],"class_list":["post-2","page","type-page","status-publish","hentry"],"_links":{"self":[{"href":"https:\/\/www.mechanicmind.eu\/en\/wp-json\/wp\/v2\/pages\/2","targetHints":{"allow":["GET"]}}],"collection":[{"href":"https:\/\/www.mechanicmind.eu\/en\/wp-json\/wp\/v2\/pages"}],"about":[{"href":"https:\/\/www.mechanicmind.eu\/en\/wp-json\/wp\/v2\/types\/page"}],"author":[{"embeddable":true,"href":"https:\/\/www.mechanicmind.eu\/en\/wp-json\/wp\/v2\/users\/1"}],"replies":[{"embeddable":true,"href":"https:\/\/www.mechanicmind.eu\/en\/wp-json\/wp\/v2\/comments?post=2"}],"version-history":[{"count":7,"href":"https:\/\/www.mechanicmind.eu\/en\/wp-json\/wp\/v2\/pages\/2\/revisions"}],"predecessor-version":[{"id":725,"href":"https:\/\/www.mechanicmind.eu\/en\/wp-json\/wp\/v2\/pages\/2\/revisions\/725"}],"wp:attachment":[{"href":"https:\/\/www.mechanicmind.eu\/en\/wp-json\/wp\/v2\/media?parent=2"}],"wp:term":[{"taxonomy":"author","embeddable":true,"href":"https:\/\/www.mechanicmind.eu\/en\/wp-json\/wp\/v2\/coauthors?post=2"}],"curies":[{"name":"wp","href":"https:\/\/api.w.org\/{rel}","templated":true}]}}